{"id":4218,"date":"2024-04-04T06:43:12","date_gmt":"2024-04-04T04:43:12","guid":{"rendered":"https:\/\/espaceautomobile.fr\/?page_id=4218"},"modified":"2024-05-10T15:48:06","modified_gmt":"2024-05-10T13:48:06","slug":"carte-grise-dimportation","status":"publish","type":"page","link":"https:\/\/espaceautomobile.fr\/?page_id=4218","title":{"rendered":"CARTE GRISE D&#8217;IMPORTATION"},"content":{"rendered":"\t\t<div data-elementor-type=\"wp-page\" data-elementor-id=\"4218\" class=\"elementor elementor-4218\" data-elementor-post-type=\"page\">\n\t\t\t\t<div class=\"elementor-element elementor-element-22bb352 e-con-full e-flex e-con e-parent\" data-id=\"22bb352\" data-element_type=\"container\">\n\t\t<div class=\"elementor-element elementor-element-890ca05 e-con-full e-flex e-con e-child\" data-id=\"890ca05\" data-element_type=\"container\">\n\t\t\t\t<div class=\"elementor-element elementor-element-f23ff74 elementor-headline--style-rotate elementor-widget elementor-widget-animated-headline\" data-id=\"f23ff74\" data-element_type=\"widget\" data-settings=\"{&quot;headline_style&quot;:&quot;rotate&quot;,&quot;animation_type&quot;:&quot;blinds&quot;,&quot;rotating_text&quot;:&quot;Meilleur\\nPlus grand \\nPlus rapide&quot;,&quot;loop&quot;:&quot;yes&quot;,&quot;rotate_iteration_delay&quot;:2500}\" data-widget_type=\"animated-headline.default\">\n\t\t\t\t<div class=\"elementor-widget-container\">\n\t\t\t\t\t<h3 class=\"elementor-headline elementor-headline-animation-type-blinds elementor-headline-letters\">\n\t\t\t\t\t<span class=\"elementor-headline-plain-text elementor-headline-text-wrapper\">Espace Automobile est<\/span>\n\t\t\t\t<span class=\"elementor-headline-dynamic-wrapper elementor-headline-text-wrapper\">\n\t\t\t\t\t<span class=\"elementor-headline-dynamic-text elementor-headline-text-active\">\n\t\t\t\tMeilleur\t\t\t<\/span>\n\t\t\t\t\t<span class=\"elementor-headline-dynamic-text\">\n\t\t\t\tPlus&nbsp;grand&nbsp;\t\t\t<\/span>\n\t\t\t\t\t<span class=\"elementor-headline-dynamic-text\">\n\t\t\t\tPlus&nbsp;rapide\t\t\t<\/span>\n\t\t\t\t\t\t<\/span>\n\t\t\t\t<\/h3>\n\t\t\t\t<\/div>\n\t\t\t\t<\/div>\n\t\t\t\t<\/div>\n\t\t<div class=\"elementor-element elementor-element-cf260a0 e-con-full e-flex e-con e-child\" data-id=\"cf260a0\" data-element_type=\"container\">\n\t\t\t\t<div class=\"elementor-element elementor-element-7d47350 elementor-widget elementor-widget-text-editor\" data-id=\"7d47350\" data-element_type=\"widget\" data-widget_type=\"text-editor.default\">\n\t\t\t\t<div class=\"elementor-widget-container\">\n\t\t\t\t\t\t\t<p><strong>Carte Grise D&#8217;Importation en Accord avec la L\u00e9gislation Fran\u00e7aise<\/strong><\/p>\t\t\t\t\t\t<\/div>\n\t\t\t\t<\/div>\n\t\t\t\t<div class=\"elementor-element elementor-element-9f64838 elementor-widget elementor-widget-text-editor\" data-id=\"9f64838\" data-element_type=\"widget\" data-widget_type=\"text-editor.default\">\n\t\t\t\t<div class=\"elementor-widget-container\">\n\t\t\t\t\t\t\t<p>L&#8217;obtention d&#8217;une carte grise d&#8217;importation en France est soumise \u00e0 des lois sp\u00e9cifiques. Selon la l\u00e9gislation en vigueur, tout v\u00e9hicule import\u00e9 doit \u00eatre immatricul\u00e9 dans un d\u00e9lai d&#8217;un mois apr\u00e8s son entr\u00e9e sur le territoire fran\u00e7ais. Le non-respect de cette obligation peut entra\u00eener des sanctions s\u00e9v\u00e8res, telles que des amendes et la confiscation du v\u00e9hicule. Il est donc imp\u00e9ratif de se conformer aux r\u00e8gles en vigueur en effectuant les d\u00e9marches n\u00e9cessaires dans les d\u00e9lais impartis. Chez Espace Automobile, nous vous accompagnons dans ce processus en vous guidant \u00e0 travers chaque \u00e9tape avec professionnalisme et en vous assurant une mise en conformit\u00e9 rapide et efficace avec la l\u00e9gislation fran\u00e7aise.<\/p>\t\t\t\t\t\t<\/div>\n\t\t\t\t<\/div>\n\t\t\t\t<div class=\"elementor-element elementor-element-b03a763 elementor-drop-cap-yes elementor-drop-cap-view-default elementor-widget elementor-widget-text-editor\" data-id=\"b03a763\" data-element_type=\"widget\" data-settings=\"{&quot;drop_cap&quot;:&quot;yes&quot;}\" data-widget_type=\"text-editor.default\">\n\t\t\t\t<div class=\"elementor-widget-container\">\n\t\t\t\t\t\t\t<p>Pr\u00eat \u00e0 d\u00e9marrer les d\u00e9marches pour l&#8217;importation de votre carte grise? Lancez-vous d\u00e8s maintenant en remplissant le formulaire ci-dessous ou en planifiant un rendez-vous via nos autres canaux de communication. Chez Espace Automobile, nous simplifions le processus pour que vous puissiez importer votre carte grise en toute tranquillit\u00e9 d&#8217;esprit.<\/p>\t\t\t\t\t\t<\/div>\n\t\t\t\t<\/div>\n\t\t\t\t<\/div>\n\t\t<div class=\"elementor-element elementor-element-afe5e45 e-con-full e-flex e-con e-child\" data-id=\"afe5e45\" data-element_type=\"container\">\n\t\t<div class=\"elementor-element elementor-element-5528edb e-con-full e-flex e-con e-child\" data-id=\"5528edb\" data-element_type=\"container\">\n\t\t<div class=\"elementor-element elementor-element-dd9204e e-flex e-con-boxed e-con e-child\" data-id=\"dd9204e\" data-element_type=\"container\">\n\t\t\t\t\t<div class=\"e-con-inner\">\n\t\t\t\t<div class=\"elementor-element elementor-element-5002afa elementor-widget__width-auto elementor-view-default elementor-widget elementor-widget-icon\" data-id=\"5002afa\" data-element_type=\"widget\" data-widget_type=\"icon.default\">\n\t\t\t\t<div class=\"elementor-widget-container\">\n\t\t\t\t\t<div class=\"elementor-icon-wrapper\">\n\t\t\t<div class=\"elementor-icon\">\n\t\t\t<svg aria-hidden=\"true\" class=\"e-font-icon-svg e-fas-long-arrow-alt-right\" viewBox=\"0 0 448 512\" xmlns=\"http:\/\/www.w3.org\/2000\/svg\"><path d=\"M313.941 216H12c-6.627 0-12 5.373-12 12v56c0 6.627 5.373 12 12 12h301.941v46.059c0 21.382 25.851 32.09 40.971 16.971l86.059-86.059c9.373-9.373 9.373-24.569 0-33.941l-86.059-86.059c-15.119-15.119-40.971-4.411-40.971 16.971V216z\"><\/path><\/svg>\t\t\t<\/div>\n\t\t<\/div>\n\t\t\t\t<\/div>\n\t\t\t\t<\/div>\n\t\t\t\t<div class=\"elementor-element elementor-element-9d650b4 elementor-widget elementor-widget-text-editor\" data-id=\"9d650b4\" data-element_type=\"widget\" data-widget_type=\"text-editor.default\">\n\t\t\t\t<div class=\"elementor-widget-container\">\n\t\t\t\t\t\t\t<p>INFORMATIONS DE CONTACT<\/p>\t\t\t\t\t\t<\/div>\n\t\t\t\t<\/div>\n\t\t\t\t\t<\/div>\n\t\t\t\t<\/div>\n\t\t\t\t<div class=\"elementor-element elementor-element-30f4c91 elementor-widget elementor-widget-text-editor\" data-id=\"30f4c91\" data-element_type=\"widget\" data-widget_type=\"text-editor.default\">\n\t\t\t\t<div class=\"elementor-widget-container\">\n\t\t\t\t\t\t\t<p>D\u00e9tails de la carte grise d&#8217;importation WW<\/p>\t\t\t\t\t\t<\/div>\n\t\t\t\t<\/div>\n\t\t\t\t<div class=\"elementor-element elementor-element-3f72563 elementor-widget__width-initial elementor-widget elementor-widget-text-editor\" data-id=\"3f72563\" data-element_type=\"widget\" data-widget_type=\"text-editor.default\">\n\t\t\t\t<div class=\"elementor-widget-container\">\n\t\t\t\t\t\t\t<p>Planifiez votre rendez-vous en toute simplicit\u00e9 : saisissez vos informations ou contactez-nous via diff\u00e9rents canaux,&nbsp;<span style=\"color: var( --e-global-color-text ); font-size: 1rem; text-align: var(--text-align);\">tels que&nbsp;<\/span><span style=\"color: var( --e-global-color-text ); font-size: 1rem; text-align: var(--text-align);\">l&#8217;e-mail ou par<\/span><span style=\"color: var( --e-global-color-text ); font-size: 1rem; text-align: var(--text-align);\">&nbsp;t\u00e9l\u00e9phone.<\/span><\/p>\t\t\t\t\t\t<\/div>\n\t\t\t\t<\/div>\n\t\t<div class=\"elementor-element elementor-element-165cbe5 e-con-full e-flex e-con e-child\" data-id=\"165cbe5\" data-element_type=\"container\">\n\t\t<div class=\"elementor-element elementor-element-de51550 e-con-full e-flex e-con e-child\" data-id=\"de51550\" data-element_type=\"container\">\n\t\t\t\t<div class=\"elementor-element elementor-element-1738cfb elementor-view-default elementor-widget elementor-widget-icon\" data-id=\"1738cfb\" data-element_type=\"widget\" data-widget_type=\"icon.default\">\n\t\t\t\t<div class=\"elementor-widget-container\">\n\t\t\t\t\t<div class=\"elementor-icon-wrapper\">\n\t\t\t<div class=\"elementor-icon\">\n\t\t\t<svg aria-hidden=\"true\" class=\"e-font-icon-svg e-fas-phone-alt\" viewBox=\"0 0 512 512\" xmlns=\"http:\/\/www.w3.org\/2000\/svg\"><path d=\"M497.39 361.8l-112-48a24 24 0 0 0-28 6.9l-49.6 60.6A370.66 370.66 0 0 1 130.6 204.11l60.6-49.6a23.94 23.94 0 0 0 6.9-28l-48-112A24.16 24.16 0 0 0 122.6.61l-104 24A24 24 0 0 0 0 48c0 256.5 207.9 464 464 464a24 24 0 0 0 23.4-18.6l24-104a24.29 24.29 0 0 0-14.01-27.6z\"><\/path><\/svg>\t\t\t<\/div>\n\t\t<\/div>\n\t\t\t\t<\/div>\n\t\t\t\t<\/div>\n\t\t\t\t<\/div>\n\t\t<div class=\"elementor-element elementor-element-9298bab e-con-full e-flex e-con e-child\" data-id=\"9298bab\" data-element_type=\"container\">\n\t\t\t\t<div class=\"elementor-element elementor-element-4766db8 elementor-widget elementor-widget-text-editor\" data-id=\"4766db8\" data-element_type=\"widget\" data-widget_type=\"text-editor.default\">\n\t\t\t\t<div class=\"elementor-widget-container\">\n\t\t\t\t\t\t\t<p>T\u00c9L\u00c9PHONE:<\/p>\t\t\t\t\t\t<\/div>\n\t\t\t\t<\/div>\n\t\t\t\t<div class=\"elementor-element elementor-element-74984f4 elementor-widget__width-initial elementor-widget elementor-widget-text-editor\" data-id=\"74984f4\" data-element_type=\"widget\" data-widget_type=\"text-editor.default\">\n\t\t\t\t<div class=\"elementor-widget-container\">\n\t\t\t\t\t\t\t<p><span style=\"color: #808080;\"><a style=\"color: #808080;\" href=\"tel:+33388943095\">+33 3 88 94 30 95<\/a><\/span><\/p>\t\t\t\t\t\t<\/div>\n\t\t\t\t<\/div>\n\t\t\t\t<\/div>\n\t\t\t\t<\/div>\n\t\t<div class=\"elementor-element elementor-element-3fd673a e-con-full e-flex e-con e-child\" data-id=\"3fd673a\" data-element_type=\"container\">\n\t\t<div class=\"elementor-element elementor-element-8b1301b e-con-full e-flex e-con e-child\" data-id=\"8b1301b\" data-element_type=\"container\">\n\t\t\t\t<div class=\"elementor-element elementor-element-db23a6d elementor-view-default elementor-widget elementor-widget-icon\" data-id=\"db23a6d\" data-element_type=\"widget\" data-widget_type=\"icon.default\">\n\t\t\t\t<div class=\"elementor-widget-container\">\n\t\t\t\t\t<div class=\"elementor-icon-wrapper\">\n\t\t\t<div class=\"elementor-icon\">\n\t\t\t<svg aria-hidden=\"true\" class=\"e-font-icon-svg e-fas-mail-bulk\" viewBox=\"0 0 576 512\" xmlns=\"http:\/\/www.w3.org\/2000\/svg\"><path d=\"M160 448c-25.6 0-51.2-22.4-64-32-64-44.8-83.2-60.8-96-70.4V480c0 17.67 14.33 32 32 32h256c17.67 0 32-14.33 32-32V345.6c-12.8 9.6-32 25.6-96 70.4-12.8 9.6-38.4 32-64 32zm128-192H32c-17.67 0-32 14.33-32 32v16c25.6 19.2 22.4 19.2 115.2 86.4 9.6 6.4 28.8 25.6 44.8 25.6s35.2-19.2 44.8-22.4c92.8-67.2 89.6-67.2 115.2-86.4V288c0-17.67-14.33-32-32-32zm256-96H224c-17.67 0-32 14.33-32 32v32h96c33.21 0 60.59 25.42 63.71 57.82l.29-.22V416h192c17.67 0 32-14.33 32-32V192c0-17.67-14.33-32-32-32zm-32 128h-64v-64h64v64zm-352-96c0-35.29 28.71-64 64-64h224V32c0-17.67-14.33-32-32-32H96C78.33 0 64 14.33 64 32v192h96v-32z\"><\/path><\/svg>\t\t\t<\/div>\n\t\t<\/div>\n\t\t\t\t<\/div>\n\t\t\t\t<\/div>\n\t\t\t\t<\/div>\n\t\t<div class=\"elementor-element elementor-element-a3953fe e-con-full e-flex e-con e-child\" data-id=\"a3953fe\" data-element_type=\"container\">\n\t\t\t\t<div class=\"elementor-element elementor-element-55aaae5 elementor-widget elementor-widget-text-editor\" data-id=\"55aaae5\" data-element_type=\"widget\" data-widget_type=\"text-editor.default\">\n\t\t\t\t<div class=\"elementor-widget-container\">\n\t\t\t\t\t\t\t<p>ADRESSE MAIL:<\/p>\t\t\t\t\t\t<\/div>\n\t\t\t\t<\/div>\n\t\t\t\t<div class=\"elementor-element elementor-element-6b7a693 elementor-widget__width-initial elementor-widget elementor-widget-text-editor\" data-id=\"6b7a693\" data-element_type=\"widget\" data-widget_type=\"text-editor.default\">\n\t\t\t\t<div class=\"elementor-widget-container\">\n\t\t\t\t\t\t\t<p><span style=\"color: #808080;\"><a style=\"color: #808080;\" href=\"mailto:cartegrise@espaceautomobile.fr\">cartegrise@espaceautomobile.fr<\/a><\/span><\/p>\t\t\t\t\t\t<\/div>\n\t\t\t\t<\/div>\n\t\t\t\t<\/div>\n\t\t\t\t<\/div>\n\t\t<div class=\"elementor-element elementor-element-6605b04 e-con-full e-flex e-con e-child\" data-id=\"6605b04\" data-element_type=\"container\">\n\t\t\t\t<div class=\"elementor-element elementor-element-50261c6 elementor-shape-circle elementor-widget-tablet__width-auto elementor-widget__width-auto elementor-grid-0 e-grid-align-center elementor-widget elementor-widget-social-icons\" data-id=\"50261c6\" data-element_type=\"widget\" data-widget_type=\"social-icons.default\">\n\t\t\t\t<div class=\"elementor-widget-container\">\n\t\t\t\t\t<div class=\"elementor-social-icons-wrapper elementor-grid\">\n\t\t\t\t\t\t\t<span class=\"elementor-grid-item\">\n\t\t\t\t\t<a class=\"elementor-icon elementor-social-icon elementor-social-icon-phone-square-alt elementor-repeater-item-ac6db54\" href=\"tel:+33388943095\" target=\"_blank\">\n\t\t\t\t\t\t<span class=\"elementor-screen-only\">Phone-square-alt<\/span>\n\t\t\t\t\t\t<svg class=\"e-font-icon-svg e-fas-phone-square-alt\" viewBox=\"0 0 448 512\" xmlns=\"http:\/\/www.w3.org\/2000\/svg\"><path d=\"M400 32H48A48 48 0 0 0 0 80v352a48 48 0 0 0 48 48h352a48 48 0 0 0 48-48V80a48 48 0 0 0-48-48zm-16.39 307.37l-15 65A15 15 0 0 1 354 416C194 416 64 286.29 64 126a15.7 15.7 0 0 1 11.63-14.61l65-15A18.23 18.23 0 0 1 144 96a16.27 16.27 0 0 1 13.79 9.09l30 70A17.9 17.9 0 0 1 189 181a17 17 0 0 1-5.5 11.61l-37.89 31a231.91 231.91 0 0 0 110.78 110.78l31-37.89A17 17 0 0 1 299 291a17.85 17.85 0 0 1 5.91 1.21l70 30A16.25 16.25 0 0 1 384 336a17.41 17.41 0 0 1-.39 3.37z\"><\/path><\/svg>\t\t\t\t\t<\/a>\n\t\t\t\t<\/span>\n\t\t\t\t\t<\/div>\n\t\t\t\t<\/div>\n\t\t\t\t<\/div>\n\t\t\t\t<div class=\"elementor-element elementor-element-9ef0358 elementor-shape-circle elementor-widget-tablet__width-auto elementor-widget__width-auto elementor-grid-0 e-grid-align-center elementor-widget elementor-widget-social-icons\" data-id=\"9ef0358\" data-element_type=\"widget\" data-widget_type=\"social-icons.default\">\n\t\t\t\t<div class=\"elementor-widget-container\">\n\t\t\t\t\t<div class=\"elementor-social-icons-wrapper elementor-grid\">\n\t\t\t\t\t\t\t<span class=\"elementor-grid-item\">\n\t\t\t\t\t<a class=\"elementor-icon elementor-social-icon elementor-social-icon-envelope elementor-repeater-item-ac6db54\" href=\"mailto:cartegrise@espaceautomobile.fr\" target=\"_blank\">\n\t\t\t\t\t\t<span class=\"elementor-screen-only\">Envelope<\/span>\n\t\t\t\t\t\t<svg class=\"e-font-icon-svg e-fas-envelope\" viewBox=\"0 0 512 512\" xmlns=\"http:\/\/www.w3.org\/2000\/svg\"><path d=\"M502.3 190.8c3.9-3.1 9.7-.2 9.7 4.7V400c0 26.5-21.5 48-48 48H48c-26.5 0-48-21.5-48-48V195.6c0-5 5.7-7.8 9.7-4.7 22.4 17.4 52.1 39.5 154.1 113.6 21.1 15.4 56.7 47.8 92.2 47.6 35.7.3 72-32.8 92.3-47.6 102-74.1 131.6-96.3 154-113.7zM256 320c23.2.4 56.6-29.2 73.4-41.4 132.7-96.3 142.8-104.7 173.4-128.7 5.8-4.5 9.2-11.5 9.2-18.9v-19c0-26.5-21.5-48-48-48H48C21.5 64 0 85.5 0 112v19c0 7.4 3.4 14.3 9.2 18.9 30.6 23.9 40.7 32.4 173.4 128.7 16.8 12.2 50.2 41.8 73.4 41.4z\"><\/path><\/svg>\t\t\t\t\t<\/a>\n\t\t\t\t<\/span>\n\t\t\t\t\t<\/div>\n\t\t\t\t<\/div>\n\t\t\t\t<\/div>\n\t\t\t\t<div class=\"elementor-element elementor-element-122b045 elementor-shape-circle elementor-widget-tablet__width-auto elementor-widget__width-auto elementor-grid-0 e-grid-align-center elementor-widget elementor-widget-social-icons\" data-id=\"122b045\" data-element_type=\"widget\" data-widget_type=\"social-icons.default\">\n\t\t\t\t<div class=\"elementor-widget-container\">\n\t\t\t\t\t<div class=\"elementor-social-icons-wrapper elementor-grid\">\n\t\t\t\t\t\t\t<span class=\"elementor-grid-item\">\n\t\t\t\t\t<a class=\"elementor-icon elementor-social-icon elementor-social-icon- elementor-repeater-item-ac6db54\" href=\"https:\/\/www.leboncoin.fr\/boutique\/6022602\/espace_automobile.htm#online_ads\" target=\"_blank\">\n\t\t\t\t\t\t<span class=\"elementor-screen-only\"><\/span>\n\t\t\t\t\t\t<svg xmlns=\"http:\/\/www.w3.org\/2000\/svg\" xmlns:xlink=\"http:\/\/www.w3.org\/1999\/xlink\" id=\"katman_1\" x=\"0px\" y=\"0px\" viewBox=\"0 0 925.94 1018.08\" style=\"enable-background:new 0 0 925.94 1018.08;\" xml:space=\"preserve\"><style type=\"text\/css\">\t.st0{fill:#FFFFFF;}<\/style><path class=\"st0\" d=\"M862.34,297.26c0.01-14.86-5.57-26.43-18.75-33.96C723.44,194.7,603.28,126.11,483.16,57.45 c-13.49-7.71-26.73-7.82-40.2-0.12c-88.32,50.48-176.65,100.95-265,151.37c-31.96,18.23-64.05,36.23-96,54.49 c-12.15,6.94-18.26,17.85-18.29,31.71c-0.13,71.49-0.07,142.98-0.07,214.47c0.06,0,0.12,0,0.19,0c0,69.82,0.29,139.65-0.2,209.47 c-0.13,17.9,6.97,29.68,22.32,38.41c118.52,67.41,236.91,135.06,355.22,202.85c14.96,8.57,28.89,8.44,43.76-0.08 c88.39-50.69,176.91-101.13,265.39-151.66c31.23-17.84,62.46-35.67,93.66-53.56c12.17-6.98,18.27-17.61,18.32-31.6 c0.07-21.99,0-43.99,0-65.99C862.28,537.23,862.28,417.24,862.34,297.26z M436.64,886.42c0,1.61-0.14,3.22-0.24,5.53 c-2.01-0.97-3.49-1.58-4.86-2.37c-102.19-59.1-204.35-118.24-306.61-177.21c-4.17-2.4-5.71-4.9-5.7-9.69 c0.14-120.65,0.12-241.3,0.13-361.95c-0.01-1.76-0.01-3.55-0.01-6.46c16.12,9.31,31.12,17.94,46.09,26.61 c88.78,51.36,177.54,102.74,266.37,154c3.63,2.1,5.06,4.35,5.06,8.59C436.72,644.45,436.7,765.43,436.64,886.42z M469.74,469.05 c-4.49,2.55-7.71,2.47-12.13-0.1c-101.5-58.94-203.09-117.72-304.65-176.54c-1.27-0.73-2.48-1.55-4.25-2.67 c12.75-7.23,25.01-14.21,37.3-21.16c91.15-51.54,182.32-103.05,273.39-154.71c4.69-2.66,8.12-2.99,13.03-0.13 c101.19,58.81,202.5,117.4,303.78,176.05c1.43,0.83,2.81,1.73,4.85,2.98c-4.96,2.86-9.46,5.51-14,8.08 C667.94,356.89,568.79,412.88,469.74,469.05z M802.55,718.08c-102.51,58.17-204.94,116.48-307.39,174.76 c-1.4,0.8-2.89,1.44-5.13,2.55c0-2.46,0-4.22,0-5.98c0.07-121.97,0.15-243.95,0.11-365.92c0-4.04,1.3-6.2,4.79-8.18 c102.64-58.27,205.22-116.66,307.82-175.02c1.28-0.72,2.61-1.35,4.89-2.53c0,2.77,0,4.58,0,6.38 c-0.03,121.64-0.07,243.28,0.02,364.92C807.66,713.43,806.45,715.87,802.55,718.08z\"><\/path><\/svg>\t\t\t\t\t<\/a>\n\t\t\t\t<\/span>\n\t\t\t\t\t<\/div>\n\t\t\t\t<\/div>\n\t\t\t\t<\/div>\n\t\t\t\t<div class=\"elementor-element elementor-element-642b743 elementor-shape-circle elementor-grid-tablet-0 elementor-widget-tablet__width-auto elementor-widget__width-auto elementor-grid-0 e-grid-align-center elementor-widget elementor-widget-social-icons\" data-id=\"642b743\" data-element_type=\"widget\" data-widget_type=\"social-icons.default\">\n\t\t\t\t<div class=\"elementor-widget-container\">\n\t\t\t\t\t<div class=\"elementor-social-icons-wrapper elementor-grid\">\n\t\t\t\t\t\t\t<span class=\"elementor-grid-item\">\n\t\t\t\t\t<a class=\"elementor-icon elementor-social-icon elementor-social-icon-location-arrow elementor-repeater-item-ac6db54\" href=\"https:\/\/maps.app.goo.gl\/o31MmwMHxccqKX8bA\" target=\"_blank\">\n\t\t\t\t\t\t<span class=\"elementor-screen-only\">Location-arrow<\/span>\n\t\t\t\t\t\t<svg class=\"e-font-icon-svg e-fas-location-arrow\" viewBox=\"0 0 512 512\" xmlns=\"http:\/\/www.w3.org\/2000\/svg\"><path d=\"M444.52 3.52L28.74 195.42c-47.97 22.39-31.98 92.75 19.19 92.75h175.91v175.91c0 51.17 70.36 67.17 92.75 19.19l191.9-415.78c15.99-38.39-25.59-79.97-63.97-63.97z\"><\/path><\/svg>\t\t\t\t\t<\/a>\n\t\t\t\t<\/span>\n\t\t\t\t\t<\/div>\n\t\t\t\t<\/div>\n\t\t\t\t<\/div>\n\t\t\t\t<\/div>\n\t\t\t\t<\/div>\n\t\t<div class=\"elementor-element elementor-element-d026987 e-con-full e-flex e-con e-child\" data-id=\"d026987\" data-element_type=\"container\">\n\t\t\t\t<div class=\"elementor-element elementor-element-294918a elementor-widget elementor-widget-tp-wp-forms\" data-id=\"294918a\" data-element_type=\"widget\" data-widget_type=\"tp-wp-forms.default\">\n\t\t\t\t<div class=\"elementor-widget-container\">\n\t\t\t<div class=\"pt_plus_wpforms\" \" ><div class=\"wpforms-container wpforms-container-full wpforms-render-modern\" id=\"wpforms-4220\"><form id=\"wpforms-form-4220\" class=\"wpforms-validate wpforms-form wpforms-ajax-form\" data-formid=\"4220\" method=\"post\" enctype=\"multipart\/form-data\" action=\"\/index.php?rest_route=%2Fwp%2Fv2%2Fpages%2F4218&#038;wpforms_form_id=4220\"><noscript class=\"wpforms-error-noscript\">Bu formu bitirebilmek i\u00e7in taray\u0131c\u0131n\u0131zda JavaScript&#039;i etkinle\u015ftirin.<\/noscript><div class=\"wpforms-hidden\" id=\"wpforms-error-noscript\">Bu formu bitirebilmek i\u00e7in taray\u0131c\u0131n\u0131zda JavaScript&#039;i etkinle\u015ftirin.<\/div><div class=\"wpforms-field-container\"><div id=\"wpforms-4220-field_8-container\" class=\"wpforms-field wpforms-field-select wpforms-field-select-style-classic\" data-field-id=\"8\"><label class=\"wpforms-field-label\" for=\"wpforms-4220-field_8\">Nom de la demande<\/label><select id=\"wpforms-4220-field_8\" class=\"wpforms-field-large\" name=\"wpforms[fields][8]\"><option value=\"Carte grise d&#039;importation\"  selected='selected'>Carte grise d&#039;importation<\/option><\/select><\/div><div id=\"wpforms-4220-field_1-container\" class=\"wpforms-field wpforms-field-name\" data-field-id=\"1\"><label class=\"wpforms-field-label\" for=\"wpforms-4220-field_1\">Nom <span class=\"wpforms-required-label\" aria-hidden=\"true\">*<\/span><\/label><input type=\"text\" id=\"wpforms-4220-field_1\" class=\"wpforms-field-large wpforms-field-required\" name=\"wpforms[fields][1]\" aria-errormessage=\"wpforms-4220-field_1-error\" required><\/div><div id=\"wpforms-4220-field_2-container\" class=\"wpforms-field wpforms-field-phone\" data-field-id=\"2\"><label class=\"wpforms-field-label\" for=\"wpforms-4220-field_2\">T\u00e9l\u00e9phone <span class=\"wpforms-required-label\" aria-hidden=\"true\">*<\/span><\/label><input type=\"tel\" id=\"wpforms-4220-field_2\" class=\"wpforms-field-large wpforms-field-required wpforms-smart-phone-field\" data-rule-smart-phone-field=\"true\" name=\"wpforms[fields][2]\" aria-errormessage=\"wpforms-4220-field_2-error\" required><\/div><div id=\"wpforms-4220-field_3-container\" class=\"wpforms-field wpforms-field-file-upload\" data-field-id=\"3\"><label class=\"wpforms-field-label\" for=\"wpforms-4220-field_3\">T\u00e9l\u00e9versement de fichier <span class=\"wpforms-required-label\" aria-hidden=\"true\">*<\/span><\/label><div\n\t\tclass=\"wpforms-uploader\"\n\t\tdata-field-id=\"3\"\n\t\tdata-form-id=\"4220\"\n\t\tdata-input-name=\"wpforms_4220_3\"\n\t\tdata-extensions=\"zip,rar,jpeg,jpg,png\"\n\t\tdata-max-size=\"26214400\"\n\t\tdata-max-file-number=\"5\"\n\t\tdata-post-max-size=\"2147483648\"\n\t\tdata-max-parallel-uploads=\"4\"\n\t\tdata-parallel-uploads=\"true\"\n\t\tdata-file-chunk-size=\"2097152\">\n\t<div class=\"dz-message\">\n\t\t<svg viewBox=\"0 0 1024 1024\" focusable=\"false\" data-icon=\"inbox\" width=\"50px\" height=\"50px\" fill=\"currentColor\" aria-hidden=\"true\">\n\t\t\t<path d=\"M885.2 446.3l-.2-.8-112.2-285.1c-5-16.1-19.9-27.2-36.8-27.2H281.2c-17 0-32.1 11.3-36.9 27.6L139.4 443l-.3.7-.2.8c-1.3 4.9-1.7 9.9-1 14.8-.1 1.6-.2 3.2-.2 4.8V830a60.9 60.9 0 0 0 60.8 60.8h627.2c33.5 0 60.8-27.3 60.9-60.8V464.1c0-1.3 0-2.6-.1-3.7.4-4.9 0-9.6-1.3-14.1zm-295.8-43l-.3 15.7c-.8 44.9-31.8 75.1-77.1 75.1-22.1 0-41.1-7.1-54.8-20.6S436 441.2 435.6 419l-.3-15.7H229.5L309 210h399.2l81.7 193.3H589.4zm-375 76.8h157.3c24.3 57.1 76 90.8 140.4 90.8 33.7 0 65-9.4 90.3-27.2 22.2-15.6 39.5-37.4 50.7-63.6h156.5V814H214.4V480.1z\"><\/path>\n\t\t<\/svg>\n\t\t<span class=\"modern-title\">Y\u00fcklemek i\u00e7in t\u0131klay\u0131n veya dosyalar\u0131 bu alana s\u00fcr\u00fckleyin.<\/span>\n\n\t\t\t\t\t<span class=\"modern-hint\">En fazla 5 dosya y\u00fckleyebilirsiniz.<\/span>\n\t\t\t<\/div>\n<\/div>\n<input\n\t\ttype=\"text\"\n\t\tautocomplete=\"off\"\n\t\tclass=\"dropzone-input\"\n\t\tstyle=\"position:absolute!important;clip:rect(0,0,0,0)!important;height:1px!important;width:1px!important;border:0!important;overflow:hidden!important;padding:0!important;margin:0!important;\"\n\t\tid=\"wpforms-4220-field_3\"\n\t\tname=\"wpforms_4220_3\" required\t\tvalue=\"\">\n<\/div><\/div><!-- .wpforms-field-container --><div class=\"wpforms-recaptcha-container wpforms-is-recaptcha wpforms-is-recaptcha-type-v2\" ><div class=\"g-recaptcha\" data-sitekey=\"6LdL6oIsAAAAAJDmHaNvvgzfG14Iohc2WZA0xL_k\"><\/div><input type=\"text\" name=\"g-recaptcha-hidden\" class=\"wpforms-recaptcha-hidden\" style=\"position:absolute!important;clip:rect(0,0,0,0)!important;height:1px!important;width:1px!important;border:0!important;overflow:hidden!important;padding:0!important;margin:0!important;\" data-rule-recaptcha=\"1\"><\/div><div class=\"wpforms-submit-container\" ><input type=\"hidden\" name=\"wpforms[id]\" value=\"4220\"><input type=\"hidden\" name=\"wpforms[author]\" value=\"1\"><input type=\"hidden\" class=\"wpforms-token\" name=\"wpforms[token]\" value=\"3cb4877ed6baeba04772ce0f2a93c2ef\" \/><button type=\"submit\" name=\"wpforms[submit]\" id=\"wpforms-submit-4220\" class=\"wpforms-submit\" data-alt-text=\"Envoi...\" data-submit-text=\"Envoyer\" aria-live=\"assertive\" value=\"wpforms-submit\">Envoyer<\/button><img decoding=\"async\" src=\"https:\/\/espaceautomobile.fr\/wp-content\/plugins\/wpforms\/assets\/images\/submit-spin.svg\" class=\"wpforms-submit-spinner\" style=\"display: none;\" width=\"26\" height=\"26\" alt=\"Y\u00fckleniyor\"><\/div><\/form><\/div>  <!-- .wpforms-container --><\/div>\t\t<\/div>\n\t\t\t\t<\/div>\n\t\t\t\t<\/div>\n\t\t\t\t<\/div>\n\t\t\t\t<\/div>\n\t\t\t\t<\/div>\n\t\t","protected":false},"excerpt":{"rendered":"<p>Espace Automobile est Meilleur Plus&nbsp;grand&nbsp; Plus&nbsp;rapide Carte Grise D&#8217;Importation en Accord avec la L\u00e9gislation Fran\u00e7aise L&#8217;obtention d&#8217;une carte grise d&#8217;importation en France est soumise \u00e0 des lois sp\u00e9cifiques. Selon la l\u00e9gislation en vigueur, tout v\u00e9hicule import\u00e9 doit \u00eatre immatricul\u00e9 dans un d\u00e9lai d&#8217;un mois apr\u00e8s son entr\u00e9e sur le territoire fran\u00e7ais. Le non-respect de cette [&hellip;]<\/p>\n","protected":false},"author":1,"featured_media":0,"parent":0,"menu_order":0,"comment_status":"closed","ping_status":"closed","template":"elementor_header_footer","meta":{"footnotes":""},"class_list":["post-4218","page","type-page","status-publish","hentry"],"_links":{"self":[{"href":"https:\/\/espaceautomobile.fr\/index.php?rest_route=\/wp\/v2\/pages\/4218","targetHints":{"allow":["GET"]}}],"collection":[{"href":"https:\/\/espaceautomobile.fr\/index.php?rest_route=\/wp\/v2\/pages"}],"about":[{"href":"https:\/\/espaceautomobile.fr\/index.php?rest_route=\/wp\/v2\/types\/page"}],"author":[{"embeddable":true,"href":"https:\/\/espaceautomobile.fr\/index.php?rest_route=\/wp\/v2\/users\/1"}],"replies":[{"embeddable":true,"href":"https:\/\/espaceautomobile.fr\/index.php?rest_route=%2Fwp%2Fv2%2Fcomments&post=4218"}],"version-history":[{"count":42,"href":"https:\/\/espaceautomobile.fr\/index.php?rest_route=\/wp\/v2\/pages\/4218\/revisions"}],"predecessor-version":[{"id":4816,"href":"https:\/\/espaceautomobile.fr\/index.php?rest_route=\/wp\/v2\/pages\/4218\/revisions\/4816"}],"wp:attachment":[{"href":"https:\/\/espaceautomobile.fr\/index.php?rest_route=%2Fwp%2Fv2%2Fmedia&parent=4218"}],"curies":[{"name":"wp","href":"https:\/\/api.w.org\/{rel}","templated":true}]}}